{"id":38,"date":"2022-03-03T10:27:43","date_gmt":"2022-03-03T10:27:43","guid":{"rendered":"http:\/\/evokon.com.tr\/?page_id=38"},"modified":"2022-03-03T10:46:00","modified_gmt":"2022-03-03T10:46:00","slug":"iletisim","status":"publish","type":"page","link":"http:\/\/evokon.com.tr\/?page_id=38","title":{"rendered":"\u0130leti\u015fim"},"content":{"rendered":"\n<p><\/p>\n\n\n\n<ul class=\"wp-block-list\"><li>\u0130\u00e7erenk\u00f6y Mah.Eski Evler Sk.Y\u00f6n Plaza No:11\/2 Ata\u015fehir\/\u0130stanbul<\/li><li>Tel  : 0216 807 08 82<\/li><li>Fax : 0212 511 92 08<\/li><li>Email : tdenizeren@evokon.com.tr<\/li><\/ul>\n\n\n\n<p><\/p>\n","protected":false},"excerpt":{"rendered":"<p>\u0130\u00e7erenk\u00f6y Mah.Eski Evler Sk.Y\u00f6n Plaza No:11\/2 Ata\u015fehir\/\u0130stanbul Tel : 0216 807 08 82 Fax : 0212 511 92 08 Email : tdenizeren@evokon.com.tr<\/p>\n","protected":false},"author":1,"featured_media":0,"parent":0,"menu_order":0,"comment_status":"closed","ping_status":"closed","template":"","meta":{"site-sidebar-layout":"default","site-content-layout":"default","ast-main-header-display":"","ast-hfb-above-header-display":"","ast-hfb-below-header-display":"","ast-hfb-mobile-header-display":"","site-post-title":"","ast-breadcrumbs-content":"","ast-featured-img":"","footer-sml-layout":"","theme-transparent-header-meta":"","adv-header-id-meta":"","stick-header-meta":"","header-above-stick-meta":"","header-main-stick-meta":"","header-below-stick-meta":"","footnotes":""},"class_list":["post-38","page","type-page","status-publish","hentry"],"_links":{"self":[{"href":"http:\/\/evokon.com.tr\/index.php?rest_route=\/wp\/v2\/pages\/38","targetHints":{"allow":["GET"]}}],"collection":[{"href":"http:\/\/evokon.com.tr\/index.php?rest_route=\/wp\/v2\/pages"}],"about":[{"href":"http:\/\/evokon.com.tr\/index.php?rest_route=\/wp\/v2\/types\/page"}],"author":[{"embeddable":true,"href":"http:\/\/evokon.com.tr\/index.php?rest_route=\/wp\/v2\/users\/1"}],"replies":[{"embeddable":true,"href":"http:\/\/evokon.com.tr\/index.php?rest_route=%2Fwp%2Fv2%2Fcomments&post=38"}],"version-history":[{"count":6,"href":"http:\/\/evokon.com.tr\/index.php?rest_route=\/wp\/v2\/pages\/38\/revisions"}],"predecessor-version":[{"id":52,"href":"http:\/\/evokon.com.tr\/index.php?rest_route=\/wp\/v2\/pages\/38\/revisions\/52"}],"wp:attachment":[{"href":"http:\/\/evokon.com.tr\/index.php?rest_route=%2Fwp%2Fv2%2Fmedia&parent=38"}],"curies":[{"name":"wp","href":"https:\/\/api.w.org\/{rel}","templated":true}]}}